{"id":47,"date":"2015-11-15T19:24:05","date_gmt":"2015-11-15T18:24:05","guid":{"rendered":"https:\/\/acb-athletisme.fr\/?page_id=47"},"modified":"2025-10-01T20:46:35","modified_gmt":"2025-10-01T19:46:35","slug":"sinscrire-au-club","status":"publish","type":"page","link":"https:\/\/acb-athletisme.fr\/?page_id=47","title":{"rendered":"Inscription \u00e0 la section PPG"},"content":{"rendered":"<h1 style=\"text-align: center;\"><a href=\"https:\/\/acb-athletisme.fr\/wp-content\/uploads\/2017\/03\/acb.jpg\" rel=\"attachment wp-att-1138\"><img loading=\"lazy\" decoding=\"async\" class=\"size-full wp-image-1138 alignleft\" src=\"https:\/\/acb-athletisme.fr\/wp-content\/uploads\/2017\/03\/acb.jpg\" alt=\"acb\" width=\"119\" height=\"118\" \/><\/a><span style=\"color: #0000ff;\">ACB Section PPG<\/span><\/h1>\n<p style=\"text-align: center;\"><span style=\"color: #0000ff;\">Stade de Beauchamp Avenue de l&rsquo;\u00e9galit\u00e9 <\/span><\/p>\n<p style=\"text-align: center;\"><span style=\"color: #0000ff;\">95250 Beauchamp<\/span><\/p>\n<p style=\"text-align: center;\"><span style=\"color: #ff0000;\"><em><strong>Inscription pour la saison 2025-2026<\/strong><\/em><\/span><\/p>\n<p style=\"padding-left: 90px; text-align: left;\">T\u00e9l\u00e9chargez le bulletin d&rsquo;inscription ci-dessous<\/p>\n<p style=\"text-align: center;\"><a href=\"https:\/\/acb-athletisme.fr\/wp-content\/uploads\/2025\/08\/ACB-Tarif-et-inscriptions-2025-2026-PPG.pdf\">ACB-Tarif-et-inscriptions-2025-2026-PPG<\/a><\/p>\n<p>&nbsp;<\/p>\n<p style=\"text-align: left;\"><strong><span style=\"text-decoration: underline;\">Important: Proc\u00e9dure d&rsquo;inscription<\/span><\/strong><\/p>\n<p style=\"text-align: left;\"><span style=\"color: #ff0000;\"><br \/>\n<strong>Pour une renouvellement de licence<\/strong> :<\/span><\/p>\n<p>1. Compl\u00e9ter le Parcours pr\u00e9vention Sant\u00e9 en suivant le mode op\u00e9ratoire joint : <a href=\"https:\/\/acb-athletisme.fr\/wp-content\/uploads\/2024\/09\/Renouvellement-licence-FFA.pdf\">Mode op\u00e9ratoire Parcours Pr\u00e9vention Sant\u00e9<\/a><br \/>\n2. Saisir le formulaire d&rsquo;inscription en ligne<br \/>\n3. Faire un virement du montant indiqu\u00e9 dans le fichier des Tarifs. (le RIB du club y est disponible)<b> <\/b><\/p>\n<p><span style=\"color: #ff0000;\"><strong>Pour une nouvelle inscription :<\/strong><br \/>\n<\/span><\/p>\n<p><span style=\"color: #000000;\">1. Saisir le formulaire d&rsquo;inscription en ligne<\/span><br \/>\n<span style=\"color: #000000;\">2. A r\u00e9ception du mail de la FFA (quelques jours apr\u00e8s l&rsquo;inscription), cr\u00e9er son Espace licenci\u00e9, suivre les vid\u00e9os et compl\u00e9ter le Parcours Pr\u00e9vention Sant\u00e9.<\/span><br \/>\n<span style=\"color: #000000;\">3. Faire un virement du montant indiqu\u00e9 dans le fichier des Tarifs. (le RIB du club y est disponible) <\/span><\/p>\n<p>&nbsp;<\/p>\n<h3><em>Inscriptions<\/em> en ligne:<\/h3>\n\n<div class=\"wpcf7 no-js\" id=\"wpcf7-f4228-o1\" lang=\"fr-FR\" dir=\"ltr\" data-wpcf7-id=\"4228\">\n<div class=\"screen-reader-response\"><p role=\"status\" aria-live=\"polite\" aria-atomic=\"true\"><\/p> <ul><\/ul><\/div>\n<form action=\"\/index.php?rest_route=%2Fwp%2Fv2%2Fpages%2F47#wpcf7-f4228-o1\" method=\"post\" class=\"wpcf7-form init\" aria-label=\"Formulaire de contact\" enctype=\"multipart\/form-data\" novalidate=\"novalidate\" data-status=\"init\">\n<fieldset class=\"hidden-fields-container\"><input type=\"hidden\" name=\"_wpcf7\" value=\"4228\" \/><input type=\"hidden\" name=\"_wpcf7_version\" value=\"6.1.2\" \/><input type=\"hidden\" name=\"_wpcf7_locale\" value=\"fr_FR\" \/><input type=\"hidden\" name=\"_wpcf7_unit_tag\" value=\"wpcf7-f4228-o1\" \/><input type=\"hidden\" name=\"_wpcf7_container_post\" value=\"0\" \/><input type=\"hidden\" name=\"_wpcf7_posted_data_hash\" value=\"\" \/>\n<\/fieldset>\n<p><label> Saison <span class=\"wpcf7-form-control-wrap\" data-name=\"Saison\"><select class=\"wpcf7-form-control wpcf7-select\" aria-invalid=\"false\" name=\"Saison\"><option value=\"2025-2026\">2025-2026<\/option><\/select><\/span> <\/label><br \/>\n<label> Section <span class=\"wpcf7-form-control-wrap\" data-name=\"Section\"><select class=\"wpcf7-form-control wpcf7-select\" aria-invalid=\"false\" name=\"Section\"><option value=\"Athl\u00e9tisme\">Athl\u00e9tisme<\/option><option value=\"Marche Nordique\">Marche Nordique<\/option><option value=\"PPG\">PPG<\/option><\/select><\/span> <\/label>\n<\/p>\n<p><label> Nom (obligatoire)<br \/>\n<span class=\"wpcf7-form-control-wrap\" data-name=\"your-nom\"><input size=\"40\" maxlength=\"400\" class=\"wpcf7-form-control wpcf7-text wpcf7-validates-as-required\" aria-required=\"true\" aria-invalid=\"false\" value=\"\" type=\"text\" name=\"your-nom\" \/><\/span> <\/label><br \/>\n<label> Pr\u00e9nom (obligatoire)<br \/>\n<span class=\"wpcf7-form-control-wrap\" data-name=\"your-prenom\"><input size=\"40\" maxlength=\"400\" class=\"wpcf7-form-control wpcf7-text wpcf7-validates-as-required\" aria-required=\"true\" aria-invalid=\"false\" value=\"\" type=\"text\" name=\"your-prenom\" \/><\/span> <\/label><br \/>\n<label> Date de naissance (obligatoire)<br \/>\n<span class=\"wpcf7-form-control-wrap\" data-name=\"date-naiss\"><input class=\"wpcf7-form-control wpcf7-date wpcf7-validates-as-required wpcf7-validates-as-date\" aria-required=\"true\" aria-invalid=\"false\" value=\"\" type=\"date\" name=\"date-naiss\" \/><\/span> <\/label><br \/>\n<label> Lieu de naissance (obligatoire)<br \/>\n<span class=\"wpcf7-form-control-wrap\" data-name=\"lieu-naissance\"><input size=\"40\" maxlength=\"400\" class=\"wpcf7-form-control wpcf7-text wpcf7-validates-as-required\" aria-required=\"true\" aria-invalid=\"false\" value=\"\" type=\"text\" name=\"lieu-naissance\" \/><\/span> <\/label><br \/>\n<label> Nationalit\u00e9 (obligatoire)<br \/>\n<span class=\"wpcf7-form-control-wrap\" data-name=\"nationalite\"><input size=\"40\" maxlength=\"400\" class=\"wpcf7-form-control wpcf7-text wpcf7-validates-as-required\" aria-required=\"true\" aria-invalid=\"false\" value=\"\" type=\"text\" name=\"nationalite\" \/><\/span> <\/label><br \/>\n<label> Sexe (obligatoire)<br \/>\n<span class=\"wpcf7-form-control-wrap\" data-name=\"sexe\"><select class=\"wpcf7-form-control wpcf7-select wpcf7-validates-as-required\" aria-required=\"true\" aria-invalid=\"false\" name=\"sexe\"><option value=\"\">&#8212;Veuillez choisir une option&#8212;<\/option><option value=\"H\">H<\/option><option value=\"F\">F<\/option><\/select><\/span> <\/label><br \/>\n<label> Adresse (obligatoire)<br \/>\n<span class=\"wpcf7-form-control-wrap\" data-name=\"your-adresse\"><input size=\"40\" maxlength=\"400\" class=\"wpcf7-form-control wpcf7-text wpcf7-validates-as-required\" aria-required=\"true\" aria-invalid=\"false\" value=\"\" type=\"text\" name=\"your-adresse\" \/><\/span> <\/label><br \/>\n<label> Code Postal (obligatoire)<br \/>\n<span class=\"wpcf7-form-control-wrap\" data-name=\"codepostal\"><input class=\"wpcf7-form-control wpcf7-number wpcf7-validates-as-required wpcf7-validates-as-number\" min=\"01000\" max=\"98999\" aria-required=\"true\" aria-invalid=\"false\" value=\"\" type=\"number\" name=\"codepostal\" \/><\/span> <\/label><br \/>\n<label> Ville (obligatoire)<br \/>\n<span class=\"wpcf7-form-control-wrap\" data-name=\"Ville\"><input size=\"40\" maxlength=\"400\" class=\"wpcf7-form-control wpcf7-text wpcf7-validates-as-required\" aria-required=\"true\" aria-invalid=\"false\" value=\"\" type=\"text\" name=\"Ville\" \/><\/span> <\/label><br \/>\n<label> T\u00e9l\u00e9phone fixe<br \/>\n<span class=\"wpcf7-form-control-wrap\" data-name=\"your-telephone\"><input size=\"40\" maxlength=\"400\" class=\"wpcf7-form-control wpcf7-tel wpcf7-text wpcf7-validates-as-tel\" aria-invalid=\"false\" value=\"\" type=\"tel\" name=\"your-telephone\" \/><\/span> <\/label><br \/>\n<label> Portable<br \/>\n<span class=\"wpcf7-form-control-wrap\" data-name=\"portable\"><input size=\"40\" maxlength=\"400\" class=\"wpcf7-form-control wpcf7-tel wpcf7-text wpcf7-validates-as-tel\" aria-invalid=\"false\" value=\"\" type=\"tel\" name=\"portable\" \/><\/span> <\/label><br \/>\n<label> Email (obligatoire)<br \/>\n<span class=\"wpcf7-form-control-wrap\" data-name=\"your-email\"><input size=\"40\" maxlength=\"400\" class=\"wpcf7-form-control wpcf7-email wpcf7-validates-as-required wpcf7-text wpcf7-validates-as-email\" aria-required=\"true\" aria-invalid=\"false\" value=\"\" type=\"email\" name=\"your-email\" \/><\/span> <\/label>\n<\/p>\n<p><label> Personne \u00e0 pr\u00e9venir en cas d'accident (obligatoire)<\/label><br \/>\n<label> Nom Pr\u00e9nom <span class=\"wpcf7-form-control-wrap\" data-name=\"nomaccident\"><input size=\"40\" maxlength=\"400\" class=\"wpcf7-form-control wpcf7-text wpcf7-validates-as-required\" aria-required=\"true\" aria-invalid=\"false\" value=\"\" type=\"text\" name=\"nomaccident\" \/><\/span> <\/label><br \/>\n<label> Tel contact <span class=\"wpcf7-form-control-wrap\" data-name=\"contact\"><input size=\"40\" maxlength=\"400\" class=\"wpcf7-form-control wpcf7-tel wpcf7-validates-as-required wpcf7-text wpcf7-validates-as-tel\" aria-required=\"true\" aria-invalid=\"false\" value=\"\" type=\"tel\" name=\"contact\" \/><\/span> <\/label>\n<\/p>\n<p><label> Autorisation Parentale (pour les mineurs)<br \/>\n<span class=\"wpcf7-form-control-wrap\" data-name=\"your-autorisation\"><input size=\"40\" class=\"wpcf7-form-control wpcf7-file\" accept=\"image\/*,application\/pdf\" aria-invalid=\"false\" type=\"file\" name=\"your-autorisation\" \/><\/span> <\/label>\n<\/p>\n<p><label> Une fois votre inscription envoy\u00e9e rendez vous sur le site de la FFA pour r\u00e9aliser votre Parcours Pr\u00e9vention Sant\u00e9 (obligatoire pour obtenir votre licence) <\/label>\n<\/p>\n<p><label> Autre document (si n\u00e9cessaire)<br \/>\n<span class=\"wpcf7-form-control-wrap\" data-name=\"your-questionnaire\"><input size=\"40\" class=\"wpcf7-form-control wpcf7-file\" accept=\"image\/*,application\/pdf\" aria-invalid=\"false\" type=\"file\" name=\"your-questionnaire\" \/><\/span> <\/label>\n<\/p>\n<p><label> Commentaires<br \/>\n<span class=\"wpcf7-form-control-wrap\" data-name=\"your-message\"><textarea cols=\"40\" rows=\"10\" maxlength=\"2000\" class=\"wpcf7-form-control wpcf7-textarea\" aria-invalid=\"false\" name=\"your-message\"><\/textarea><\/span> <\/label>\n<\/p>\n<p><input class=\"wpcf7-form-control wpcf7-submit has-spinner\" type=\"submit\" value=\"Envoyez\" \/>\n<\/p><p style=\"display: none !important;\" class=\"akismet-fields-container\" data-prefix=\"_wpcf7_ak_\"><label>&#916;<textarea name=\"_wpcf7_ak_hp_textarea\" cols=\"45\" rows=\"8\" maxlength=\"100\"><\/textarea><\/label><input type=\"hidden\" id=\"ak_js_1\" name=\"_wpcf7_ak_js\" value=\"50\"\/><script>document.getElementById( \"ak_js_1\" ).setAttribute( \"value\", ( new Date() ).getTime() );<\/script><\/p><div class=\"wpcf7-response-output\" aria-hidden=\"true\"><\/div>\n<\/form>\n<\/div>\n\n<h3><em><strong>Horaires d\u2019entra\u00eenements encadr\u00e9s:<\/strong><\/em><\/h3>\n<p style=\"text-align: center;\"><span style=\"color: #0000ff;\"><strong>Lundi : <\/strong>2 cours : 18h \u2192 19h30\u2019 et 19h30\u2019 \u00e0 21h.<\/span><\/p>\n<p style=\"text-align: center;\"><strong><span style=\"color: #0000ff;\">Mardi<\/span> : <span style=\"color: #0000ff;\">3 cours<\/span> : <\/strong><span style=\"color: #0000ff;\">17h<\/span> \u2192 <span style=\"color: #0000ff;\">18h30\u2019, 18h30\u2019<\/span> <span style=\"color: #0000ff;\">\u00e0 20h<\/span>\u00a0<span style=\"color: #0000ff;\">et 20h \u219221h30\u2019<\/span><\/p>\n<p style=\"text-align: center;\"><strong><span style=\"color: #0000ff;\">Mercredi<\/span> : <span style=\"color: #0000ff;\">2 cours<\/span> : <\/strong><span style=\"color: #0000ff;\">18h<\/span> \u2192 <span style=\"color: #0000ff;\">19h30\u2019 et 19h30\u2019<\/span> <span style=\"color: #0000ff;\">\u00a0\u00e0 21h.<\/span><\/p>\n<p style=\"text-align: center;\"><strong><span style=\"color: #0000ff;\">Jeudi : 3 cours :<\/span><\/strong> <span style=\"color: #0000ff;\">1<\/span><span style=\"color: #0000ff;\">7h<\/span><strong><span style=\"color: #0000ff;\"> \u2192<\/span><\/strong><span style=\"color: #0000ff;\"> 18h<\/span><span style=\"color: #0000ff;\">30\u2019,<\/span><span style=\"color: #0000ff;\"> 18h30\u2019<\/span><strong><span style=\"color: #0000ff;\"> \u00e0<\/span><\/strong><span style=\"color: #0000ff;\"> 20<\/span><span style=\"color: #0000ff;\">h<\/span><span style=\"color: #0000ff;\"> et<\/span><span style=\"color: #0000ff;\"> 2<\/span><span style=\"color: #0000ff;\">0h<\/span><span style=\"color: #0000ff;\"> \u219221h30<\/span><\/p>\n<h3><em><strong>Contacts :<\/strong><\/em><\/h3>\n<p><span style=\"color: #0000ff;\"><strong>M MORIVAL Philippe T\u00e9l : 06.60.55.69.72 <\/strong><strong>lofimorival@wanadoo.com<\/strong><\/span><\/p>\n<p style=\"text-align: center;\"><span style=\"color: #00ccff;\"><em><strong>La pratique de la PPG se fait \u00e0 la salle Ritter au fond du centre Omnisport<\/strong><\/em><\/span><\/p>\n<p style=\"text-align: center;\">\n","protected":false},"excerpt":{"rendered":"<p>ACB Section PPG Stade de Beauchamp Avenue de l&rsquo;\u00e9galit\u00e9 95250 Beauchamp Inscription pour la saison 2025-2026 T\u00e9l\u00e9chargez le bulletin d&rsquo;inscription ci-dessous ACB-Tarif-et-inscriptions-2025-2026-PPG &nbsp; Important: Proc\u00e9dure d&rsquo;inscription Pour une renouvellement de licence : 1. Compl\u00e9ter le Parcours pr\u00e9vention Sant\u00e9 en suivant le mode op\u00e9ratoire joint : Mode op\u00e9ratoire Parcours Pr\u00e9vention Sant\u00e9 2. Saisir le formulaire d&rsquo;inscription &hellip; <a href=\"https:\/\/acb-athletisme.fr\/?page_id=47\" class=\"more-link\">Continuer la lecture de <span class=\"screen-reader-text\">Inscription \u00e0 la section PPG<\/span>  <span class=\"meta-nav\">&rarr;<\/span><\/a><\/p>\n","protected":false},"author":1,"featured_media":0,"parent":1826,"menu_order":1,"comment_status":"closed","ping_status":"closed","template":"","meta":{"footnotes":""},"class_list":["post-47","page","type-page","status-publish","hentry"],"_links":{"self":[{"href":"https:\/\/acb-athletisme.fr\/index.php?rest_route=\/wp\/v2\/pages\/47","targetHints":{"allow":["GET"]}}],"collection":[{"href":"https:\/\/acb-athletisme.fr\/index.php?rest_route=\/wp\/v2\/pages"}],"about":[{"href":"https:\/\/acb-athletisme.fr\/index.php?rest_route=\/wp\/v2\/types\/page"}],"author":[{"embeddable":true,"href":"https:\/\/acb-athletisme.fr\/index.php?rest_route=\/wp\/v2\/users\/1"}],"replies":[{"embeddable":true,"href":"https:\/\/acb-athletisme.fr\/index.php?rest_route=%2Fwp%2Fv2%2Fcomments&post=47"}],"version-history":[{"count":23,"href":"https:\/\/acb-athletisme.fr\/index.php?rest_route=\/wp\/v2\/pages\/47\/revisions"}],"predecessor-version":[{"id":4318,"href":"https:\/\/acb-athletisme.fr\/index.php?rest_route=\/wp\/v2\/pages\/47\/revisions\/4318"}],"up":[{"embeddable":true,"href":"https:\/\/acb-athletisme.fr\/index.php?rest_route=\/wp\/v2\/pages\/1826"}],"wp:attachment":[{"href":"https:\/\/acb-athletisme.fr\/index.php?rest_route=%2Fwp%2Fv2%2Fmedia&parent=47"}],"curies":[{"name":"wp","href":"https:\/\/api.w.org\/{rel}","templated":true}]}}