{"id":4141,"date":"2024-09-02T17:34:13","date_gmt":"2024-09-02T16:34:13","guid":{"rendered":"https:\/\/acb-athletisme.fr\/?page_id=4141"},"modified":"2025-06-22T16:56:26","modified_gmt":"2025-06-22T15:56:26","slug":"4141-2","status":"publish","type":"page","link":"https:\/\/acb-athletisme.fr\/","title":{"rendered":"ECOLE ATHLE : SAISON 2025-2026"},"content":{"rendered":"\n<p>Nouveaut\u00e9 de la saison 2025-2026 : L&rsquo;ACB propose une section d\u00e9couverte de toutes les disciplines d&rsquo;athl\u00e9tisme pour les jeunes enfants. <\/p>\n\n\n\n<figure class=\"wp-block-image size-large\"><img loading=\"lazy\" decoding=\"async\" width=\"724\" height=\"1024\" src=\"https:\/\/acb-athletisme.fr\/wp-content\/uploads\/2025\/06\/Cream-and-Green-Abstract-Shapes-Marketing-Flyer-3-724x1024.png\" alt=\"\" class=\"wp-image-4157\" srcset=\"https:\/\/acb-athletisme.fr\/wp-content\/uploads\/2025\/06\/Cream-and-Green-Abstract-Shapes-Marketing-Flyer-3-724x1024.png 724w, https:\/\/acb-athletisme.fr\/wp-content\/uploads\/2025\/06\/Cream-and-Green-Abstract-Shapes-Marketing-Flyer-3-212x300.png 212w, https:\/\/acb-athletisme.fr\/wp-content\/uploads\/2025\/06\/Cream-and-Green-Abstract-Shapes-Marketing-Flyer-3-106x150.png 106w, https:\/\/acb-athletisme.fr\/wp-content\/uploads\/2025\/06\/Cream-and-Green-Abstract-Shapes-Marketing-Flyer-3-1086x1536.png 1086w, https:\/\/acb-athletisme.fr\/wp-content\/uploads\/2025\/06\/Cream-and-Green-Abstract-Shapes-Marketing-Flyer-3.png 1414w\" sizes=\"auto, (max-width: 724px) 100vw, 724px\" \/><\/figure>\n","protected":false},"excerpt":{"rendered":"<p>Nouveaut\u00e9 de la saison 2025-2026 : L&rsquo;ACB propose une section d\u00e9couverte de toutes les disciplines d&rsquo;athl\u00e9tisme pour les jeunes enfants.<\/p>\n","protected":false},"author":1,"featured_media":0,"parent":0,"menu_order":0,"comment_status":"closed","ping_status":"closed","template":"","meta":{"footnotes":""},"class_list":["post-4141","page","type-page","status-publish","hentry"],"_links":{"self":[{"href":"https:\/\/acb-athletisme.fr\/index.php?rest_route=\/wp\/v2\/pages\/4141","targetHints":{"allow":["GET"]}}],"collection":[{"href":"https:\/\/acb-athletisme.fr\/index.php?rest_route=\/wp\/v2\/pages"}],"about":[{"href":"https:\/\/acb-athletisme.fr\/index.php?rest_route=\/wp\/v2\/types\/page"}],"author":[{"embeddable":true,"href":"https:\/\/acb-athletisme.fr\/index.php?rest_route=\/wp\/v2\/users\/1"}],"replies":[{"embeddable":true,"href":"https:\/\/acb-athletisme.fr\/index.php?rest_route=%2Fwp%2Fv2%2Fcomments&post=4141"}],"version-history":[{"count":7,"href":"https:\/\/acb-athletisme.fr\/index.php?rest_route=\/wp\/v2\/pages\/4141\/revisions"}],"predecessor-version":[{"id":4160,"href":"https:\/\/acb-athletisme.fr\/index.php?rest_route=\/wp\/v2\/pages\/4141\/revisions\/4160"}],"wp:attachment":[{"href":"https:\/\/acb-athletisme.fr\/index.php?rest_route=%2Fwp%2Fv2%2Fmedia&parent=4141"}],"curies":[{"name":"wp","href":"https:\/\/api.w.org\/{rel}","templated":true}]}}