{"id":39,"date":"2015-11-15T19:09:49","date_gmt":"2015-11-15T18:09:49","guid":{"rendered":"https:\/\/acb-athletisme.fr\/?page_id=39"},"modified":"2025-08-21T13:44:12","modified_gmt":"2025-08-21T12:44:12","slug":"le-bureau-acb-section-athletisme","status":"publish","type":"page","link":"https:\/\/acb-athletisme.fr\/?page_id=39","title":{"rendered":"Le Bureau"},"content":{"rendered":"<p><strong>\u00a0<\/strong><\/p>\n<p><a href=\"https:\/\/acb-athletisme.fr\/wp-content\/uploads\/2017\/03\/acb.jpg\"><img loading=\"lazy\" decoding=\"async\" class=\"alignnone size-full wp-image-1138\" src=\"https:\/\/acb-athletisme.fr\/wp-content\/uploads\/2017\/03\/acb.jpg\" alt=\"\" width=\"119\" height=\"118\" \/><\/a>COMPOSITION DU BUREAU DE L\u2019<span style=\"color: #0000ff;\">ACB<\/span><\/p>\n<p style=\"text-align: right;\"><strong>ASSEMBLEE GENERALE Juin 2025<\/strong><\/p>\n<ul>\n<li><strong><u>Pr\u00e9sident<\/u><\/strong> <span style=\"color: #0000ff;\">LOUBAT St\u00e9phane<\/span><\/li>\n<li><strong><u>Vice-Pr\u00e9sident<\/u><\/strong> <span style=\"color: #0000ff;\">LEONARD Thierry<\/span><\/li>\n<li><strong><u>Tr\u00e9sorier<\/u><\/strong> <span style=\"color: #0000ff;\">LABAT Nicolas<\/span><\/li>\n<li><strong><u>Secr\u00e9taire G\u00e9n\u00e9ral<\/u><\/strong> <span style=\"color: #0000ff;\">JOUANNARD Nadia<\/span><\/li>\n<\/ul>\n<ul>\n<li><strong><u>Vice-Pr\u00e9sident<\/u><\/strong><strong> &#8211;<\/strong> <strong>Section<\/strong><strong> Course Orientation <\/strong><span style=\"color: #0000ff;\">RODIER Matthieu<\/span><\/li>\n<li><strong><u>Vice-Pr\u00e9sident<\/u><\/strong><strong> &#8211; Section Athl\u00e9tisme <\/strong><span style=\"color: #0000ff;\">LEONARD Thierry<\/span><\/li>\n<li><strong><u>Vice-Pr\u00e9sident<\/u><\/strong><strong> &#8211; Section Marche Nordique <\/strong><span style=\"color: #0000ff;\">GIRAULT Jean-Marc<\/span><\/li>\n<li><strong><u>Vice-Pr\u00e9sident<\/u><\/strong><strong>&#8211; Section P.P.G. <\/strong><span style=\"color: #0000ff;\">MORIVAL Philippe<\/span><\/li>\n<\/ul>\n<ul>\n<li><strong><u>Tr\u00e9sorier adjoint<\/u><\/strong><strong> &#8211; course d\u2019Orientation <\/strong><span style=\"color: #0000ff;\">SAINT UPERY Patrick<strong>\u00a0 <\/strong><\/span><\/li>\n<\/ul>\n<ul>\n<li><strong><u>Membres du comit\u00e9<\/u><\/strong><\/li>\n<li>Entra\u00eeneur Marche Nordique <span style=\"color: #0000ff;\">GIRAULT Jean-Marc<\/span><\/li>\n<li>Entra\u00eeneur Athl\u00e9tisme<\/li>\n<\/ul>\n<p>Le pr\u00e9sident\u00a0 \u00a0 \u00a0 \u00a0 \u00a0 \u00a0 \u00a0 \u00a0 \u00a0 \u00a0 \u00a0 \u00a0 \u00a0 \u00a0 \u00a0 \u00a0 \u00a0 \u00a0 \u00a0 \u00a0 \u00a0 \u00a0 \u00a0 \u00a0 \u00a0 \u00a0La secr\u00e9taire G\u00e9n\u00e9ral<\/p>\n<p><span style=\"color: #0000ff;\"><strong>LOUBAT St\u00e9phane\u00a0\u00a0\u00a0\u00a0\u00a0\u00a0\u00a0\u00a0\u00a0\u00a0\u00a0\u00a0 \u00a0\u00a0\u00a0\u00a0\u00a0\u00a0\u00a0\u00a0\u00a0\u00a0\u00a0\u00a0\u00a0\u00a0\u00a0\u00a0\u00a0\u00a0\u00a0\u00a0\u00a0\u00a0\u00a0\u00a0\u00a0\u00a0\u00a0\u00a0 JOUANNARD Nadia<\/strong><\/span><\/p>\n","protected":false},"excerpt":{"rendered":"<p>\u00a0 COMPOSITION DU BUREAU DE L\u2019ACB ASSEMBLEE GENERALE Juin 2025 Pr\u00e9sident LOUBAT St\u00e9phane Vice-Pr\u00e9sident LEONARD Thierry Tr\u00e9sorier LABAT Nicolas Secr\u00e9taire G\u00e9n\u00e9ral JOUANNARD Nadia Vice-Pr\u00e9sident &#8211; Section Course Orientation RODIER Matthieu Vice-Pr\u00e9sident &#8211; Section Athl\u00e9tisme LEONARD Thierry Vice-Pr\u00e9sident &#8211; Section Marche Nordique GIRAULT Jean-Marc Vice-Pr\u00e9sident&#8211; Section P.P.G. MORIVAL Philippe Tr\u00e9sorier adjoint &#8211; course d\u2019Orientation SAINT UPERY &hellip; <a href=\"https:\/\/acb-athletisme.fr\/?page_id=39\" class=\"more-link\">Continuer la lecture de <span class=\"screen-reader-text\">Le Bureau<\/span>  <span class=\"meta-nav\">&rarr;<\/span><\/a><\/p>\n","protected":false},"author":1,"featured_media":0,"parent":113,"menu_order":0,"comment_status":"closed","ping_status":"closed","template":"page-templates\/full-width.php","meta":{"footnotes":""},"class_list":["post-39","page","type-page","status-publish","hentry"],"_links":{"self":[{"href":"https:\/\/acb-athletisme.fr\/index.php?rest_route=\/wp\/v2\/pages\/39","targetHints":{"allow":["GET"]}}],"collection":[{"href":"https:\/\/acb-athletisme.fr\/index.php?rest_route=\/wp\/v2\/pages"}],"about":[{"href":"https:\/\/acb-athletisme.fr\/index.php?rest_route=\/wp\/v2\/types\/page"}],"author":[{"embeddable":true,"href":"https:\/\/acb-athletisme.fr\/index.php?rest_route=\/wp\/v2\/users\/1"}],"replies":[{"embeddable":true,"href":"https:\/\/acb-athletisme.fr\/index.php?rest_route=%2Fwp%2Fv2%2Fcomments&post=39"}],"version-history":[{"count":28,"href":"https:\/\/acb-athletisme.fr\/index.php?rest_route=\/wp\/v2\/pages\/39\/revisions"}],"predecessor-version":[{"id":4163,"href":"https:\/\/acb-athletisme.fr\/index.php?rest_route=\/wp\/v2\/pages\/39\/revisions\/4163"}],"up":[{"embeddable":true,"href":"https:\/\/acb-athletisme.fr\/index.php?rest_route=\/wp\/v2\/pages\/113"}],"wp:attachment":[{"href":"https:\/\/acb-athletisme.fr\/index.php?rest_route=%2Fwp%2Fv2%2Fmedia&parent=39"}],"curies":[{"name":"wp","href":"https:\/\/api.w.org\/{rel}","templated":true}]}}