{"id":3367,"date":"2019-11-10T20:33:07","date_gmt":"2019-11-10T19:33:07","guid":{"rendered":"https:\/\/acb-athletisme.fr\/?page_id=3367"},"modified":"2019-11-10T20:33:07","modified_gmt":"2019-11-10T19:33:07","slug":"resultats-foulees-de-beauchamp-2019","status":"publish","type":"page","link":"https:\/\/acb-athletisme.fr\/?page_id=3367","title":{"rendered":"R\u00e9sultats Foul\u00e9es de Beauchamp 2019"},"content":{"rendered":"<p><a href=\"https:\/\/acb-athletisme.fr\/wp-content\/uploads\/2019\/11\/flyer-foulees-de-beauchamp-2019.jpg\"><img loading=\"lazy\" decoding=\"async\" class=\"alignnone size-full wp-image-3359\" src=\"https:\/\/acb-athletisme.fr\/wp-content\/uploads\/2019\/11\/flyer-foulees-de-beauchamp-2019.jpg\" alt=\"\" width=\"557\" height=\"371\"><\/a><\/p>\n<p style=\"text-align: center;\">Les Foul\u00e9es de Beauchamp 2019 se sont d\u00e9roul\u00e9es sous le soleil Samedi 9 Novembre<\/p>\n<p>Vous retrouvez les r\u00e9sultats des 2 courses sur les liens ci-dessous<\/p>\n<ul>\n<li><strong>5km&nbsp;: <a href=\"https:\/\/www.oxybol.fr\/detail-de-la-course\/crs_id\/1021\/\">https:\/\/www.oxybol.fr\/detail-de-la-course\/crs_id\/1021\/<\/a><\/strong><\/li>\n<li><strong>9km&nbsp;: <a href=\"https:\/\/www.oxybol.fr\/detail-de-la-course\/crs_id\/1022\/\">https:\/\/www.oxybol.fr\/detail-de-la-course\/crs_id\/1022\/<\/a><\/strong><\/li>\n<\/ul>\n<p>les PDF sont disponibles ici :<\/p>\n<ul>\n<li><a href=\"https:\/\/acb-athletisme.fr\/wp-content\/uploads\/2019\/11\/foulees-de-beauchamp-course-5km.pdf\">foulees-de-beauchamp-course-5km<\/a><\/li>\n<li><a href=\"https:\/\/acb-athletisme.fr\/wp-content\/uploads\/2019\/11\/foulees-de-beauchamp-course-9km.pdf\">foulees-de-beauchamp-course-9km<\/a><\/li>\n<\/ul>\n","protected":false},"excerpt":{"rendered":"<p>Les Foul\u00e9es de Beauchamp 2019 se sont d\u00e9roul\u00e9es sous le soleil Samedi 9 Novembre Vous retrouvez les r\u00e9sultats des 2 courses sur les liens ci-dessous 5km&nbsp;: https:\/\/www.oxybol.fr\/detail-de-la-course\/crs_id\/1021\/ 9km&nbsp;: https:\/\/www.oxybol.fr\/detail-de-la-course\/crs_id\/1022\/ les PDF sont disponibles ici : foulees-de-beauchamp-course-5km foulees-de-beauchamp-course-9km<\/p>\n","protected":false},"author":1,"featured_media":0,"parent":1748,"menu_order":0,"comment_status":"closed","ping_status":"closed","template":"","meta":{"footnotes":""},"class_list":["post-3367","page","type-page","status-publish","hentry"],"_links":{"self":[{"href":"https:\/\/acb-athletisme.fr\/index.php?rest_route=\/wp\/v2\/pages\/3367","targetHints":{"allow":["GET"]}}],"collection":[{"href":"https:\/\/acb-athletisme.fr\/index.php?rest_route=\/wp\/v2\/pages"}],"about":[{"href":"https:\/\/acb-athletisme.fr\/index.php?rest_route=\/wp\/v2\/types\/page"}],"author":[{"embeddable":true,"href":"https:\/\/acb-athletisme.fr\/index.php?rest_route=\/wp\/v2\/users\/1"}],"replies":[{"embeddable":true,"href":"https:\/\/acb-athletisme.fr\/index.php?rest_route=%2Fwp%2Fv2%2Fcomments&post=3367"}],"version-history":[{"count":1,"href":"https:\/\/acb-athletisme.fr\/index.php?rest_route=\/wp\/v2\/pages\/3367\/revisions"}],"predecessor-version":[{"id":3368,"href":"https:\/\/acb-athletisme.fr\/index.php?rest_route=\/wp\/v2\/pages\/3367\/revisions\/3368"}],"up":[{"embeddable":true,"href":"https:\/\/acb-athletisme.fr\/index.php?rest_route=\/wp\/v2\/pages\/1748"}],"wp:attachment":[{"href":"https:\/\/acb-athletisme.fr\/index.php?rest_route=%2Fwp%2Fv2%2Fmedia&parent=3367"}],"curies":[{"name":"wp","href":"https:\/\/api.w.org\/{rel}","templated":true}]}}