{"id":2091,"date":"2017-08-30T21:57:50","date_gmt":"2017-08-30T20:57:50","guid":{"rendered":"https:\/\/acb-athletisme.fr\/?page_id=2091"},"modified":"2025-10-01T20:50:53","modified_gmt":"2025-10-01T19:50:53","slug":"inscription-a-la-section-jeune","status":"publish","type":"page","link":"https:\/\/acb-athletisme.fr\/?page_id=2091","title":{"rendered":"Inscription \u00e0 l&rsquo;\u00e9cole d&rsquo;athl\u00e9"},"content":{"rendered":"<h2 style=\"text-align: left;\"><span style=\"color: #0000ff;\"><a href=\"https:\/\/acb-athletisme.fr\/wp-content\/uploads\/2017\/03\/acb.jpg\"><img loading=\"lazy\" decoding=\"async\" class=\"alignnone size-full wp-image-1138\" src=\"https:\/\/acb-athletisme.fr\/wp-content\/uploads\/2017\/03\/acb.jpg\" alt=\"\" width=\"119\" height=\"118\" \/><\/a>ACB Ecole d&rsquo;athl\u00e9 <\/span><span style=\"color: #0000ff;\">(de 6 \u00e0 10 ans)<\/span><\/h2>\n<p style=\"text-align: center;\"><span style=\"color: #0000ff;\">Stade de Beauchamp Avenue de l&rsquo;\u00e9galit\u00e9<\/span><\/p>\n<p style=\"text-align: center;\"><span style=\"color: #0000ff;\">95250 Beauchamp<\/span><\/p>\n<p style=\"text-align: center;\"><span style=\"color: #ff0000;\"><em><strong>Inscription pour la saison 2025-2026<\/strong><\/em><\/span><\/p>\n<p style=\"padding-left: 90px;\"><a href=\"https:\/\/acb-athletisme.fr\/wp-content\/uploads\/2025\/08\/ACB-Tarif-et-inscriptions-2025-2026-ecole-dathle.pdf\">ACB Tarif inscriptions 2025-2026 \u00e9cole d&rsquo;athl\u00e9<\/a><\/p>\n<p>&nbsp;<\/p>\n<p style=\"text-align: left;\"><strong><span style=\"text-decoration: underline;\">Important: Proc\u00e9dure d&rsquo;inscription<\/span><\/strong><\/p>\n<p style=\"text-align: left;\"><span style=\"color: #ff0000;\"><br \/>\n<strong>Pour une renouvellement de licence<\/strong> :<\/span><\/p>\n<p>1. Compl\u00e9ter le Parcours pr\u00e9vention Sant\u00e9 en suivant le mode op\u00e9ratoire joint : <a href=\"https:\/\/acb-athletisme.fr\/wp-content\/uploads\/2024\/09\/Renouvellement-licence-FFA.pdf\">Mode op\u00e9ratoire Parcours Pr\u00e9vention Sant\u00e9<\/a><br \/>\n2. Saisir le formulaire d&rsquo;inscription en ligne<br \/>\n3. Faire un virement du montant indiqu\u00e9 dans le fichier des Tarifs. (le RIB du club y est disponible)<b> <\/b><\/p>\n<p><span style=\"color: #ff0000;\"><strong>Pour une nouvelle inscription :<\/strong><br \/>\n<\/span><\/p>\n<p><span style=\"color: #000000;\">1. Saisir le formulaire d&rsquo;inscription en ligne<\/span><br \/>\n<span style=\"color: #000000;\">2. A r\u00e9ception du mail de la FFA (quelques jours apr\u00e8s l&rsquo;inscription), cr\u00e9er son Espace licenci\u00e9, suivre les vid\u00e9os et compl\u00e9ter le Parcours Pr\u00e9vention Sant\u00e9.<\/span><br \/>\n<span style=\"color: #000000;\">3. Faire un virement du montant indiqu\u00e9 dans le fichier des Tarifs. (le RIB du club y est disponible) <\/span><\/p>\n<pre><span style=\"color: #ff0000;\">Joindre l'<a href=\"https:\/\/acb-athletisme.fr\/wp-content\/uploads\/2017\/04\/autorisation-parentale.pdf\">autorisation parentale<\/a> au formulaire en ligne ci-dessous<\/span><\/pre>\n<h3><em>Inscriptions<\/em> en ligne :<\/h3>\n\n<div class=\"wpcf7 no-js\" id=\"wpcf7-f2102-o1\" lang=\"fr-FR\" dir=\"ltr\" data-wpcf7-id=\"2102\">\n<div class=\"screen-reader-response\"><p role=\"status\" aria-live=\"polite\" aria-atomic=\"true\"><\/p> <ul><\/ul><\/div>\n<form action=\"\/index.php?rest_route=%2Fwp%2Fv2%2Fpages%2F2091#wpcf7-f2102-o1\" method=\"post\" class=\"wpcf7-form init\" aria-label=\"Formulaire de contact\" enctype=\"multipart\/form-data\" novalidate=\"novalidate\" data-status=\"init\">\n<fieldset class=\"hidden-fields-container\"><input type=\"hidden\" name=\"_wpcf7\" value=\"2102\" \/><input type=\"hidden\" name=\"_wpcf7_version\" value=\"6.1.2\" \/><input type=\"hidden\" name=\"_wpcf7_locale\" value=\"fr_FR\" \/><input type=\"hidden\" name=\"_wpcf7_unit_tag\" value=\"wpcf7-f2102-o1\" \/><input type=\"hidden\" name=\"_wpcf7_container_post\" value=\"0\" \/><input type=\"hidden\" name=\"_wpcf7_posted_data_hash\" value=\"\" \/>\n<\/fieldset>\n<p><label> Saison <span class=\"wpcf7-form-control-wrap\" data-name=\"Saison\"><select class=\"wpcf7-form-control wpcf7-select\" aria-invalid=\"false\" name=\"Saison\"><option value=\"2025-2026\">2025-2026<\/option><\/select><\/span> <\/label><br \/>\n<label> Section <span class=\"wpcf7-form-control-wrap\" data-name=\"Section\"><select class=\"wpcf7-form-control wpcf7-select\" aria-invalid=\"false\" name=\"Section\"><option value=\"Ecole d&#039;athl\u00e9\">Ecole d&#039;athl\u00e9<\/option><\/select><\/span> <\/label>\n<\/p>\n<p><label> Nom (obligatoire)<br \/>\n<span class=\"wpcf7-form-control-wrap\" data-name=\"your-nom\"><input size=\"40\" maxlength=\"400\" class=\"wpcf7-form-control wpcf7-text wpcf7-validates-as-required\" aria-required=\"true\" aria-invalid=\"false\" value=\"\" type=\"text\" name=\"your-nom\" \/><\/span> <\/label><br \/>\n<label> Pr\u00e9nom (obligatoire)<br \/>\n<span class=\"wpcf7-form-control-wrap\" data-name=\"your-prenom\"><input size=\"40\" maxlength=\"400\" class=\"wpcf7-form-control wpcf7-text wpcf7-validates-as-required\" aria-required=\"true\" aria-invalid=\"false\" value=\"\" type=\"text\" name=\"your-prenom\" \/><\/span> <\/label><br \/>\n<label> Date de naissance (obligatoire)<br \/>\n<span class=\"wpcf7-form-control-wrap\" data-name=\"date-naiss\"><input class=\"wpcf7-form-control wpcf7-date wpcf7-validates-as-required wpcf7-validates-as-date\" min=\"2015-01-01\" max=\"2019-12-31\" aria-required=\"true\" aria-invalid=\"false\" value=\"\" type=\"date\" name=\"date-naiss\" \/><\/span> <\/label><br \/>\n<label> Lieu de naissance (obligatoire)<br \/>\n<span class=\"wpcf7-form-control-wrap\" data-name=\"lieu-naissance\"><input size=\"40\" maxlength=\"400\" class=\"wpcf7-form-control wpcf7-text wpcf7-validates-as-required\" aria-required=\"true\" aria-invalid=\"false\" value=\"\" type=\"text\" name=\"lieu-naissance\" \/><\/span> <\/label><br \/>\n<label> Nationalit\u00e9 (obligatoire)<br \/>\n<span class=\"wpcf7-form-control-wrap\" data-name=\"nationalite\"><input size=\"40\" maxlength=\"400\" class=\"wpcf7-form-control wpcf7-text wpcf7-validates-as-required\" aria-required=\"true\" aria-invalid=\"false\" value=\"\" type=\"text\" name=\"nationalite\" \/><\/span> <\/label><br \/>\n<label> Sexe (obligatoire)<br \/>\n<span class=\"wpcf7-form-control-wrap\" data-name=\"sexe\"><select class=\"wpcf7-form-control wpcf7-select wpcf7-validates-as-required\" aria-required=\"true\" aria-invalid=\"false\" name=\"sexe\"><option value=\"\">&#8212;Veuillez choisir une option&#8212;<\/option><option value=\"H\">H<\/option><option value=\"F\">F<\/option><\/select><\/span> <\/label><br \/>\n<label> Adresse (obligatoire)<br \/>\n<span class=\"wpcf7-form-control-wrap\" data-name=\"your-adresse\"><input size=\"40\" maxlength=\"400\" class=\"wpcf7-form-control wpcf7-text wpcf7-validates-as-required\" aria-required=\"true\" aria-invalid=\"false\" value=\"\" type=\"text\" name=\"your-adresse\" \/><\/span> <\/label><br \/>\n<label> Code Postal (obligatoire)<br \/>\n<span class=\"wpcf7-form-control-wrap\" data-name=\"codepostal\"><input class=\"wpcf7-form-control wpcf7-number wpcf7-validates-as-required wpcf7-validates-as-number\" min=\"01000\" max=\"98999\" aria-required=\"true\" aria-invalid=\"false\" value=\"\" type=\"number\" name=\"codepostal\" \/><\/span> <\/label><br \/>\n<label> Ville (obligatoire)<br \/>\n<span class=\"wpcf7-form-control-wrap\" data-name=\"Ville\"><input size=\"40\" maxlength=\"400\" class=\"wpcf7-form-control wpcf7-text wpcf7-validates-as-required\" aria-required=\"true\" aria-invalid=\"false\" value=\"\" type=\"text\" name=\"Ville\" \/><\/span> <\/label><br \/>\n<label> T\u00e9l\u00e9phone fixe<br \/>\n<span class=\"wpcf7-form-control-wrap\" data-name=\"your-telephone\"><input size=\"40\" maxlength=\"400\" class=\"wpcf7-form-control wpcf7-tel wpcf7-text wpcf7-validates-as-tel\" aria-invalid=\"false\" value=\"\" type=\"tel\" name=\"your-telephone\" \/><\/span> <\/label><br \/>\n<label> Portable<br \/>\n<span class=\"wpcf7-form-control-wrap\" data-name=\"portable\"><input size=\"40\" maxlength=\"400\" class=\"wpcf7-form-control wpcf7-tel wpcf7-text wpcf7-validates-as-tel\" aria-invalid=\"false\" value=\"\" type=\"tel\" name=\"portable\" \/><\/span> <\/label><br \/>\n<label> Email (obligatoire)<br \/>\n<span class=\"wpcf7-form-control-wrap\" data-name=\"your-email\"><input size=\"40\" maxlength=\"400\" class=\"wpcf7-form-control wpcf7-email wpcf7-validates-as-required wpcf7-text wpcf7-validates-as-email\" aria-required=\"true\" aria-invalid=\"false\" value=\"\" type=\"email\" name=\"your-email\" \/><\/span> <\/label>\n<\/p>\n<p><label> Personne \u00e0 pr\u00e9venir en cas d'accident (obligatoire)<\/label><br \/>\n<label> Nom Pr\u00e9nom <span class=\"wpcf7-form-control-wrap\" data-name=\"nomaccident\"><input size=\"40\" maxlength=\"400\" class=\"wpcf7-form-control wpcf7-text wpcf7-validates-as-required\" aria-required=\"true\" aria-invalid=\"false\" value=\"\" type=\"text\" name=\"nomaccident\" \/><\/span> <\/label><br \/>\n<label> Tel contact <span class=\"wpcf7-form-control-wrap\" data-name=\"contact\"><input size=\"40\" maxlength=\"400\" class=\"wpcf7-form-control wpcf7-tel wpcf7-validates-as-required wpcf7-text wpcf7-validates-as-tel\" aria-required=\"true\" aria-invalid=\"false\" value=\"\" type=\"tel\" name=\"contact\" \/><\/span> <\/label>\n<\/p>\n<p><label> Autorisation Parentale<br \/>\n<span class=\"wpcf7-form-control-wrap\" data-name=\"your-autorisation\"><input size=\"40\" class=\"wpcf7-form-control wpcf7-file wpcf7-validates-as-required\" accept=\"image\/*,application\/pdf\" aria-required=\"true\" aria-invalid=\"false\" type=\"file\" name=\"your-autorisation\" \/><\/span> <\/label>\n<\/p>\n<p><label> Une fois votre inscription envoy\u00e9e rendez vous sur le site de la FFA pour r\u00e9aliser votre Parcours Pr\u00e9vention Sant\u00e9 (obligatoire pour obtenir votre licence) <\/label>\n<\/p>\n<p><label> Autre document (si n\u00e9cessaire)<br \/>\n<span class=\"wpcf7-form-control-wrap\" data-name=\"your-questionnaire\"><input size=\"40\" class=\"wpcf7-form-control wpcf7-file\" accept=\"image\/*,application\/pdf\" aria-invalid=\"false\" type=\"file\" name=\"your-questionnaire\" \/><\/span> <\/label>\n<\/p>\n<p><label> Commentaires<br \/>\n<span class=\"wpcf7-form-control-wrap\" data-name=\"your-message\"><textarea cols=\"40\" rows=\"10\" maxlength=\"2000\" class=\"wpcf7-form-control wpcf7-textarea\" aria-invalid=\"false\" name=\"your-message\"><\/textarea><\/span> <\/label>\n<\/p>\n<p><input class=\"wpcf7-form-control wpcf7-submit has-spinner\" type=\"submit\" value=\"Envoyez\" \/>\n<\/p><p style=\"display: none !important;\" class=\"akismet-fields-container\" data-prefix=\"_wpcf7_ak_\"><label>&#916;<textarea name=\"_wpcf7_ak_hp_textarea\" cols=\"45\" rows=\"8\" maxlength=\"100\"><\/textarea><\/label><input type=\"hidden\" id=\"ak_js_1\" name=\"_wpcf7_ak_js\" value=\"44\"\/><script>document.getElementById( \"ak_js_1\" ).setAttribute( \"value\", ( new Date() ).getTime() );<\/script><\/p><div class=\"wpcf7-response-output\" aria-hidden=\"true\"><\/div>\n<\/form>\n<\/div>\n\n<h3 style=\"text-align: left;\"><em><strong>Horaires d\u2019entra\u00eenements encadr\u00e9s:<\/strong><\/em><\/h3>\n<p style=\"padding-left: 60px; text-align: center;\"><span style=\"color: #0000ff;\"><strong>Mardis\u00a0: <\/strong>de 18h00 \u00e0 19h00<strong>\u00a0<\/strong><\/span><\/p>\n<p style=\"text-align: center;\"><span style=\"color: #0000ff;\"><strong>\u00a0 \u00a0 \u00a0 \u00a0 \u00a0 \u00a0 \u00a0 \u00a0 \u00a0 Mercredis<\/strong> : de 17h30 \u00e0 18h30<\/span><\/p>\n<h3 style=\"text-align: left;\"><em><strong>Contacts :<\/strong><\/em><\/h3>\n<p style=\"padding-left: 60px; text-align: center;\"><span style=\"color: #0000ff;\"><strong style=\"line-height: 1.5;\">Manon LEONARD T\u00e9l : 07 81 09 68 98\u00a0 \u00a0<\/strong><\/span><\/p>\n<p style=\"padding-left: 60px; text-align: center;\"><span style=\"color: #0000ff;\"><strong style=\"line-height: 1.5;\">mail : manonleonard@hotmail.fr<\/strong><\/span><\/p>\n","protected":false},"excerpt":{"rendered":"<p>ACB Ecole d&rsquo;athl\u00e9 (de 6 \u00e0 10 ans) Stade de Beauchamp Avenue de l&rsquo;\u00e9galit\u00e9 95250 Beauchamp Inscription pour la saison 2025-2026 ACB Tarif inscriptions 2025-2026 \u00e9cole d&rsquo;athl\u00e9 &nbsp; Important: Proc\u00e9dure d&rsquo;inscription Pour une renouvellement de licence : 1. Compl\u00e9ter le Parcours pr\u00e9vention Sant\u00e9 en suivant le mode op\u00e9ratoire joint : Mode op\u00e9ratoire Parcours Pr\u00e9vention Sant\u00e9 &hellip; <a href=\"https:\/\/acb-athletisme.fr\/?page_id=2091\" class=\"more-link\">Continuer la lecture de <span class=\"screen-reader-text\">Inscription \u00e0 l&rsquo;\u00e9cole d&rsquo;athl\u00e9<\/span>  <span class=\"meta-nav\">&rarr;<\/span><\/a><\/p>\n","protected":false},"author":1,"featured_media":0,"parent":1826,"menu_order":2,"comment_status":"closed","ping_status":"closed","template":"","meta":{"footnotes":""},"class_list":["post-2091","page","type-page","status-publish","hentry"],"_links":{"self":[{"href":"https:\/\/acb-athletisme.fr\/index.php?rest_route=\/wp\/v2\/pages\/2091","targetHints":{"allow":["GET"]}}],"collection":[{"href":"https:\/\/acb-athletisme.fr\/index.php?rest_route=\/wp\/v2\/pages"}],"about":[{"href":"https:\/\/acb-athletisme.fr\/index.php?rest_route=\/wp\/v2\/types\/page"}],"author":[{"embeddable":true,"href":"https:\/\/acb-athletisme.fr\/index.php?rest_route=\/wp\/v2\/users\/1"}],"replies":[{"embeddable":true,"href":"https:\/\/acb-athletisme.fr\/index.php?rest_route=%2Fwp%2Fv2%2Fcomments&post=2091"}],"version-history":[{"count":35,"href":"https:\/\/acb-athletisme.fr\/index.php?rest_route=\/wp\/v2\/pages\/2091\/revisions"}],"predecessor-version":[{"id":4319,"href":"https:\/\/acb-athletisme.fr\/index.php?rest_route=\/wp\/v2\/pages\/2091\/revisions\/4319"}],"up":[{"embeddable":true,"href":"https:\/\/acb-athletisme.fr\/index.php?rest_route=\/wp\/v2\/pages\/1826"}],"wp:attachment":[{"href":"https:\/\/acb-athletisme.fr\/index.php?rest_route=%2Fwp%2Fv2%2Fmedia&parent=2091"}],"curies":[{"name":"wp","href":"https:\/\/api.w.org\/{rel}","templated":true}]}}